{"id":714,"date":"2020-06-04T13:21:35","date_gmt":"2020-06-04T13:21:35","guid":{"rendered":"https:\/\/krajczar.info\/?page_id=714"},"modified":"2020-07-14T11:34:27","modified_gmt":"2020-07-14T11:34:27","slug":"rolam","status":"publish","type":"page","link":"https:\/\/krajczar.info\/?page_id=714","title":{"rendered":"R\u00f3lam"},"content":{"rendered":"\t\t<div data-elementor-type=\"wp-page\" data-elementor-id=\"714\" class=\"elementor elementor-714\" data-elementor-settings=\"[]\">\n\t\t\t\t\t\t<div class=\"elementor-inner\">\n\t\t\t\t\t\t\t<div class=\"elementor-section-wrap\">\n\t\t\t\t\t\t\t<section class=\"elementor-section elementor-top-section elementor-element elementor-element-43c5645 elementor-section-full_width elementor-section-height-default elementor-section-height-default\" data-id=\"43c5645\" data-element_type=\"section\" data-settings=\"{&quot;background_background&quot;:&quot;classic&quot;}\">\n\t\t\t\t\t\t\t<div class=\"elementor-background-overlay\"><\/div>\n\t\t\t\t\t\t\t<div class=\"elementor-container elementor-column-gap-default\">\n\t\t\t\t\t\t\t<div class=\"elementor-row\">\n\t\t\t\t\t<div class=\"elementor-column elementor-col-50 elementor-top-column elementor-element elementor-element-1cf61a7\" data-id=\"1cf61a7\" data-element_type=\"column\">\n\t\t\t<div class=\"elementor-column-wrap elementor-element-populated\">\n\t\t\t\t\t\t\t<div class=\"elementor-widget-wrap\">\n\t\t\t\t\t\t<div class=\"elementor-element elementor-element-6090337 elementor-invisible elementor-widget elementor-widget-heading\" data-id=\"6090337\" data-element_type=\"widget\" data-settings=\"{&quot;_animation&quot;:&quot;slideInLeft&quot;,&quot;_animation_mobile&quot;:&quot;none&quot;}\" data-widget_type=\"heading.default\">\n\t\t\t\t<div class=\"elementor-widget-container\">\n\t\t\t<h2 class=\"elementor-heading-title elementor-size-default\"><span style=\"font-size:90px;color: #2EB701;\">K<\/span>rajcz\u00e1r\n&nbsp;&nbsp;<span style=\"font-size:90px;color: #2EB701;\">J<\/span>\u00f3zsef<\/h2>\t\t<\/div>\n\t\t\t\t<\/div>\n\t\t\t\t<div class=\"elementor-element elementor-element-43a0569 elementor-invisible elementor-widget elementor-widget-heading\" data-id=\"43a0569\" data-element_type=\"widget\" data-settings=\"{&quot;_animation&quot;:&quot;slideInRight&quot;,&quot;_animation_mobile&quot;:&quot;none&quot;}\" data-widget_type=\"heading.default\">\n\t\t\t\t<div class=\"elementor-widget-container\">\n\t\t\t<h2 class=\"elementor-heading-title elementor-size-default\">Biztos\u00edt\u00e1si szak\u00e9rt\u0151<\/h2>\t\t<\/div>\n\t\t\t\t<\/div>\n\t\t\t\t<div class=\"elementor-element elementor-element-2b76ed9 elementor-hidden-phone elementor-widget elementor-widget-html\" data-id=\"2b76ed9\" data-element_type=\"widget\" data-widget_type=\"html.default\">\n\t\t\t\t<div class=\"elementor-widget-container\">\n\t\t\t<div class=\"divider\"><\/div>\t\t<\/div>\n\t\t\t\t<\/div>\n\t\t\t\t<div class=\"elementor-element elementor-element-2761408 elementor-widget elementor-widget-html\" data-id=\"2761408\" data-element_type=\"widget\" data-widget_type=\"html.default\">\n\t\t\t\t<div class=\"elementor-widget-container\">\n\t\t\t<div class=\"divider\"><\/div>\t\t<\/div>\n\t\t\t\t<\/div>\n\t\t\t\t<section class=\"elementor-section elementor-inner-section elementor-element elementor-element-1105813 elementor-section-boxed elementor-section-height-default elementor-section-height-default elementor-invisible\" data-id=\"1105813\" data-element_type=\"section\" data-settings=\"{&quot;animation&quot;:&quot;fadeIn&quot;}\">\n\t\t\t\t\t\t<div class=\"elementor-container elementor-column-gap-no\">\n\t\t\t\t\t\t\t<div class=\"elementor-row\">\n\t\t\t\t\t<div class=\"elementor-column elementor-col-100 elementor-inner-column elementor-element elementor-element-28e43f9\" data-id=\"28e43f9\" data-element_type=\"column\">\n\t\t\t<div class=\"elementor-column-wrap elementor-element-populated\">\n\t\t\t\t\t\t\t<div class=\"elementor-widget-wrap\">\n\t\t\t\t\t\t<div class=\"elementor-element elementor-element-c86c2c9 elementor-widget elementor-widget-text-editor\" data-id=\"c86c2c9\" data-element_type=\"widget\" data-widget_type=\"text-editor.default\">\n\t\t\t\t<div class=\"elementor-widget-container\">\n\t\t\t\t\t\t\t\t<div class=\"elementor-text-editor elementor-clearfix\">\n\t\t\t\t<p data-renderer-start-pos=\"1\">Vezet\u0151 P\u00e9nz\u00fcgyi Tan\u00e1csad\u00f3, Strat\u00e9giai elemz\u0151k\u00e9nt dolgozom az O&amp;P Capital Management Zrt alkalmaz\u00e1s\u00e1ban. MDRT(Million Dollar Round Table, p\u00e9nz\u00fcgyi szak\u00e9rt\u0151k els\u0151 f\u00fcggetlen \u00e9s nemzetk\u00f6zi szervezete)tag vagyok. 2015- ben, mint azt egyik legjobb tan\u00e1csad\u00f3, New Orleans-ban \u00e9n vihettem Magyarorsz\u00e1g z\u00e1szl\u00f3j\u00e1t az amerikai konferenci\u00e1n. 3 \u00e9vig a P\u00e9nzkult\u00fara Alap\u00edtv\u00e1ny kurat\u00f3riumi eln\u00f6ke voltam. Sz\u00e1mos hazai \u00e9s nemzetk\u00f6zi biztos\u00edt\u00e1si rendezv\u00e9nyen vettem r\u00e9szt, illetve ezek megszervez\u00e9s\u00e9t seg\u00edtettem.<\/p><p data-renderer-start-pos=\"1\">F\u0151 feladatom olyan p\u00e9nz\u00fcgyi strat\u00e9gi\u00e1k, exkluz\u00edv szolg\u00e1ltat\u00e1sok kidolgoz\u00e1sa, amely biztons\u00e1got \u00e9s kisz\u00e1m\u00edthat\u00f3s\u00e1got ny\u00fajt \u00fcgyfeleimnek, megnyugtat\u00f3 j\u00f6v\u0151k\u00e9pet biztos\u00edt ak\u00e1r az \u00fczleti, ak\u00e1r a mag\u00e1n\u00e9letben.<\/p>\t\t\t\t\t<\/div>\n\t\t\t\t\t\t<\/div>\n\t\t\t\t<\/div>\n\t\t\t\t\t\t<\/div>\n\t\t\t\t\t<\/div>\n\t\t<\/div>\n\t\t\t\t\t\t\t\t<\/div>\n\t\t\t\t\t<\/div>\n\t\t<\/section>\n\t\t\t\t\t\t<\/div>\n\t\t\t\t\t<\/div>\n\t\t<\/div>\n\t\t\t\t<div class=\"elementor-column elementor-col-50 elementor-top-column elementor-element elementor-element-f40acdb\" data-id=\"f40acdb\" data-element_type=\"column\" data-settings=\"{&quot;background_background&quot;:&quot;classic&quot;}\">\n\t\t\t<div class=\"elementor-column-wrap elementor-element-populated\">\n\t\t\t\t\t<div class=\"elementor-background-overlay\"><\/div>\n\t\t\t\t\t\t\t<div class=\"elementor-widget-wrap\">\n\t\t\t\t\t\t<div class=\"elementor-element elementor-element-22a7121 elementor-invisible elementor-widget elementor-widget-image\" data-id=\"22a7121\" data-element_type=\"widget\" data-settings=\"{&quot;_animation&quot;:&quot;fadeInUp&quot;,&quot;_animation_mobile&quot;:&quot;none&quot;}\" data-widget_type=\"image.default\">\n\t\t\t\t<div class=\"elementor-widget-container\">\n\t\t\t\t\t\t\t\t<div class=\"elementor-image\">\n\t\t\t\t\t\t\t\t\t\t\t\t<img width=\"536\" height=\"536\" src=\"https:\/\/krajczar.info\/wp-content\/uploads\/2020\/06\/Logo_feher_biztositasi_szakerto.png\" class=\"attachment-large size-large\" alt=\"\" srcset=\"https:\/\/krajczar.info\/wp-content\/uploads\/2020\/06\/Logo_feher_biztositasi_szakerto.png 536w, https:\/\/krajczar.info\/wp-content\/uploads\/2020\/06\/Logo_feher_biztositasi_szakerto-300x300.png 300w, https:\/\/krajczar.info\/wp-content\/uploads\/2020\/06\/Logo_feher_biztositasi_szakerto-150x150.png 150w, https:\/\/krajczar.info\/wp-content\/uploads\/2020\/06\/Logo_feher_biztositasi_szakerto-230x230.png 230w, https:\/\/krajczar.info\/wp-content\/uploads\/2020\/06\/Logo_feher_biztositasi_szakerto-400x400.png 400w\" sizes=\"(max-width: 536px) 100vw, 536px\" \/>\t\t\t\t\t\t\t\t\t\t\t\t\t\t<\/div>\n\t\t\t\t\t\t<\/div>\n\t\t\t\t<\/div>\n\t\t\t\t\t\t<\/div>\n\t\t\t\t\t<\/div>\n\t\t<\/div>\n\t\t\t\t\t\t\t\t<\/div>\n\t\t\t\t\t<\/div>\n\t\t<\/section>\n\t\t\t\t\t\t<\/div>\n\t\t\t\t\t\t<\/div>\n\t\t\t\t\t<\/div>\n\t\t","protected":false},"excerpt":{"rendered":"<p>Krajcz\u00e1r &nbsp;&nbsp;J\u00f3zsef Biztos\u00edt\u00e1si szak\u00e9rt\u0151 Vezet\u0151 P\u00e9nz\u00fcgyi Tan\u00e1csad\u00f3, Strat\u00e9giai elemz\u0151k\u00e9nt dolgozom az O&amp;P Capital Management Zrt alkalmaz\u00e1s\u00e1ban. MDRT(Million Dollar Round Table, p\u00e9nz\u00fcgyi szak\u00e9rt\u0151k els\u0151 f\u00fcggetlen \u00e9s nemzetk\u00f6zi szervezete)tag vagyok. 2015- ben, mint azt egyik legjobb tan\u00e1csad\u00f3, New Orleans-ban \u00e9n vihettem Magyarorsz\u00e1g z\u00e1szl\u00f3j\u00e1t az amerikai konferenci\u00e1n. 3 \u00e9vig a P\u00e9nzkult\u00fara Alap\u00edtv\u00e1ny kurat\u00f3riumi eln\u00f6ke voltam. Sz\u00e1mos hazai \u00e9s [&hellip;]<\/p>\n","protected":false},"author":1,"featured_media":0,"parent":0,"menu_order":0,"comment_status":"closed","ping_status":"closed","template":"page-templates\/fullwidth-content.php","meta":[],"_links":{"self":[{"href":"https:\/\/krajczar.info\/index.php?rest_route=\/wp\/v2\/pages\/714"}],"collection":[{"href":"https:\/\/krajczar.info\/index.php?rest_route=\/wp\/v2\/pages"}],"about":[{"href":"https:\/\/krajczar.info\/index.php?rest_route=\/wp\/v2\/types\/page"}],"author":[{"embeddable":true,"href":"https:\/\/krajczar.info\/index.php?rest_route=\/wp\/v2\/users\/1"}],"replies":[{"embeddable":true,"href":"https:\/\/krajczar.info\/index.php?rest_route=%2Fwp%2Fv2%2Fcomments&post=714"}],"version-history":[{"count":52,"href":"https:\/\/krajczar.info\/index.php?rest_route=\/wp\/v2\/pages\/714\/revisions"}],"predecessor-version":[{"id":1741,"href":"https:\/\/krajczar.info\/index.php?rest_route=\/wp\/v2\/pages\/714\/revisions\/1741"}],"wp:attachment":[{"href":"https:\/\/krajczar.info\/index.php?rest_route=%2Fwp%2Fv2%2Fmedia&parent=714"}],"curies":[{"name":"wp","href":"https:\/\/api.w.org\/{rel}","templated":true}]}}