{"id":716,"date":"2020-06-04T13:21:46","date_gmt":"2020-06-04T13:21:46","guid":{"rendered":"https:\/\/krajczar.info\/?page_id=716"},"modified":"2020-07-07T07:58:08","modified_gmt":"2020-07-07T07:58:08","slug":"kapcsolat","status":"publish","type":"page","link":"https:\/\/krajczar.info\/?page_id=716","title":{"rendered":"Kapcsolat"},"content":{"rendered":"\t\t<div data-elementor-type=\"wp-page\" data-elementor-id=\"716\" class=\"elementor elementor-716\" data-elementor-settings=\"[]\">\n\t\t\t\t\t\t<div class=\"elementor-inner\">\n\t\t\t\t\t\t\t<div class=\"elementor-section-wrap\">\n\t\t\t\t\t\t\t<section class=\"elementor-section elementor-top-section elementor-element elementor-element-174d76d elementor-section-full_width elementor-section-height-default elementor-section-height-default\" data-id=\"174d76d\" data-element_type=\"section\">\n\t\t\t\t\t\t<div class=\"elementor-container elementor-column-gap-default\">\n\t\t\t\t\t\t\t<div class=\"elementor-row\">\n\t\t\t\t\t<div class=\"elementor-column elementor-col-50 elementor-top-column elementor-element elementor-element-79c9d2e\" data-id=\"79c9d2e\" data-element_type=\"column\" data-settings=\"{&quot;background_background&quot;:&quot;classic&quot;}\">\n\t\t\t<div class=\"elementor-column-wrap elementor-element-populated\">\n\t\t\t\t\t<div class=\"elementor-background-overlay\"><\/div>\n\t\t\t\t\t\t\t<div class=\"elementor-widget-wrap\">\n\t\t\t\t\t\t<div class=\"elementor-element elementor-element-da83ac0 elementor-widget elementor-widget-heading\" data-id=\"da83ac0\" data-element_type=\"widget\" data-widget_type=\"heading.default\">\n\t\t\t\t<div class=\"elementor-widget-container\">\n\t\t\t<h2 class=\"elementor-heading-title elementor-size-default\">Kapcsolat<\/h2>\t\t<\/div>\n\t\t\t\t<\/div>\n\t\t\t\t\t\t<\/div>\n\t\t\t\t\t<\/div>\n\t\t<\/div>\n\t\t\t\t<div class=\"elementor-column elementor-col-25 elementor-top-column elementor-element elementor-element-2a822e9\" data-id=\"2a822e9\" data-element_type=\"column\">\n\t\t\t<div class=\"elementor-column-wrap elementor-element-populated\">\n\t\t\t\t\t\t\t<div class=\"elementor-widget-wrap\">\n\t\t\t\t\t\t<div class=\"elementor-element elementor-element-e12f24a elementor-widget elementor-widget-html\" data-id=\"e12f24a\" data-element_type=\"widget\" data-widget_type=\"html.default\">\n\t\t\t\t<div class=\"elementor-widget-container\">\n\t\t\t<div class=\"divider\"><\/div>\t\t<\/div>\n\t\t\t\t<\/div>\n\t\t\t\t<div class=\"elementor-element elementor-element-15f1ea9 elementor-widget elementor-widget-heading\" data-id=\"15f1ea9\" data-element_type=\"widget\" data-widget_type=\"heading.default\">\n\t\t\t\t<div class=\"elementor-widget-container\">\n\t\t\t<h2 class=\"elementor-heading-title elementor-size-default\"><span style=\"font-size:30px;color: #2EB701;background: linear-gradient(to right, #00C853 0%, #B2DA08 100%);\n\n  -webkit-background-clip: text;\n  -webkit-text-fill-color: transparent;\">n\u00e9v:<\/span> Krajcz\u00e1r J\u00f3zsef<\/h2>\t\t<\/div>\n\t\t\t\t<\/div>\n\t\t\t\t<div class=\"elementor-element elementor-element-b5ebe73 elementor-widget elementor-widget-html\" data-id=\"b5ebe73\" data-element_type=\"widget\" data-widget_type=\"html.default\">\n\t\t\t\t<div class=\"elementor-widget-container\">\n\t\t\t<div class=\"divider\"><\/div>\t\t<\/div>\n\t\t\t\t<\/div>\n\t\t\t\t<div class=\"elementor-element elementor-element-107d1ef elementor-widget elementor-widget-heading\" data-id=\"107d1ef\" data-element_type=\"widget\" data-widget_type=\"heading.default\">\n\t\t\t\t<div class=\"elementor-widget-container\">\n\t\t\t<h2 class=\"elementor-heading-title elementor-size-default\"><span style=\"font-size:30px;color: #2EB701;background: linear-gradient(to right, #00C853 0%, #B2DA08 100%);\n\n  -webkit-background-clip: text;\n  -webkit-text-fill-color: transparent;\">Telefonsz\u00e1m:<\/span> +36 70 611 4323<\/h2>\t\t<\/div>\n\t\t\t\t<\/div>\n\t\t\t\t<div class=\"elementor-element elementor-element-80635ff elementor-widget elementor-widget-html\" data-id=\"80635ff\" data-element_type=\"widget\" data-widget_type=\"html.default\">\n\t\t\t\t<div class=\"elementor-widget-container\">\n\t\t\t<div class=\"divider\"><\/div>\t\t<\/div>\n\t\t\t\t<\/div>\n\t\t\t\t<div class=\"elementor-element elementor-element-d352985 elementor-widget elementor-widget-heading\" data-id=\"d352985\" data-element_type=\"widget\" data-widget_type=\"heading.default\">\n\t\t\t\t<div class=\"elementor-widget-container\">\n\t\t\t<h2 class=\"elementor-heading-title elementor-size-default\"><span style=\"font-size:30px;color: #2EB701;background: linear-gradient(to right, #00C853 0%, #B2DA08 100%);\n\n  -webkit-background-clip: text;\n  -webkit-text-fill-color: transparent;\">E-mail c\u00edm:<\/span> info@krajczar.info<\/h2>\t\t<\/div>\n\t\t\t\t<\/div>\n\t\t\t\t<div class=\"elementor-element elementor-element-70f50ad elementor-widget elementor-widget-html\" data-id=\"70f50ad\" data-element_type=\"widget\" data-widget_type=\"html.default\">\n\t\t\t\t<div class=\"elementor-widget-container\">\n\t\t\t<div class=\"divider\"><\/div>\t\t<\/div>\n\t\t\t\t<\/div>\n\t\t\t\t<div class=\"elementor-element elementor-element-34b5e08 eael-contact-form-7-button-full-width elementor-widget elementor-widget-eael-contact-form-7\" data-id=\"34b5e08\" data-element_type=\"widget\" data-widget_type=\"eael-contact-form-7.default\">\n\t\t\t\t<div class=\"elementor-widget-container\">\n\t\t\t<div class=\"eael-contact-form-7-wrapper\">\n                <div class=\"eael-contact-form eael-contact-form-7 eael-contact-form-34b5e08 placeholder-show eael-contact-form-align-left\"><div class=\"eael-contact-form-7-heading\"><h3 class=\"eael-contact-form-title eael-contact-form-7-title\">\n                                    KAPCSOLATFELV\u00c9TEL\n                                <\/h3><\/div><div role=\"form\" class=\"wpcf7\" id=\"wpcf7-f1246-o1\" lang=\"hu-HU\" dir=\"ltr\">\n<div class=\"screen-reader-response\"><p role=\"status\" aria-live=\"polite\" aria-atomic=\"true\"><\/p> <ul><\/ul><\/div>\n<form action=\"\/index.php?rest_route=%2Fwp%2Fv2%2Fpages%2F716#wpcf7-f1246-o1\" method=\"post\" class=\"wpcf7-form init\" novalidate=\"novalidate\" data-status=\"init\">\n<div style=\"display: none;\">\n<input type=\"hidden\" name=\"_wpcf7\" value=\"1246\" \/>\n<input type=\"hidden\" name=\"_wpcf7_version\" value=\"5.5.6\" \/>\n<input type=\"hidden\" name=\"_wpcf7_locale\" value=\"hu_HU\" \/>\n<input type=\"hidden\" name=\"_wpcf7_unit_tag\" value=\"wpcf7-f1246-o1\" \/>\n<input type=\"hidden\" name=\"_wpcf7_container_post\" value=\"0\" \/>\n<input type=\"hidden\" name=\"_wpcf7_posted_data_hash\" value=\"\" \/>\n<\/div>\n<div class=\"su-row\">\n    <div class=\"su-column su-column-size-1-2\"><div class=\"su-column-inner su-u-clearfix su-u-trim\">\n        <span id=\"su_tooltip_69f5ec7bb8c8b_button\" class=\"su-tooltip-button su-tooltip-button-outline-yes\" aria-describedby=\"su_tooltip_69f5ec7bb8c8b\" data-settings='{\"position\":\"top\",\"behavior\":\"hover\",\"hideDelay\":0}' tabindex=\"0\">\n            <label><br \/>\n                N\u00e9v<br \/>\n                <span style=\"color:red;\">*<\/span><br \/>\n            <\/label><br \/>\n        <\/span><span style=\"display:none;z-index:100\" id=\"su_tooltip_69f5ec7bb8c8b\" class=\"su-tooltip\" role=\"tooltip\"><span class=\"su-tooltip-inner su-tooltip-shadow-no\" style=\"z-index:100;background:#505050;color:#F3F3F3;font-size:14px;border-radius:0px;text-align:left;max-width:300px;line-height:1.25\"><span class=\"su-tooltip-title\"><\/span><span class=\"su-tooltip-content su-u-trim\">A mez\u0151 kit\u00f6lt\u00e9se k\u00f6telez\u0151!<\/span><\/span><span id=\"su_tooltip_69f5ec7bb8c8b_arrow\" class=\"su-tooltip-arrow\" style=\"z-index:100;background:#505050\" data-popper-arrow><\/span><\/span>\n        <span class=\"wpcf7-form-control-wrap your-name\"><input type=\"text\" name=\"your-name\" value=\"\" size=\"40\" class=\"wpcf7-form-control wpcf7-text wpcf7-validates-as-required\" aria-required=\"true\" aria-invalid=\"false\" \/><\/span><br \/>\n    <\/div><\/div>\n    <div class=\"su-column su-column-size-1-2\"><div class=\"su-column-inner su-u-clearfix su-u-trim\">\n<span id=\"su_tooltip_69f5ec7bb8d65_button\" class=\"su-tooltip-button su-tooltip-button-outline-yes\" aria-describedby=\"su_tooltip_69f5ec7bb8d65\" data-settings='{\"position\":\"top\",\"behavior\":\"hover\",\"hideDelay\":0}' tabindex=\"0\">\n        <label> Telefonsz\u00e1m <span style=\"color:red;\">*<\/span><\/label><br \/>\n    <\/span><span style=\"display:none;z-index:100\" id=\"su_tooltip_69f5ec7bb8d65\" class=\"su-tooltip\" role=\"tooltip\"><span class=\"su-tooltip-inner su-tooltip-shadow-no\" style=\"z-index:100;background:#505050;color:#F3F3F3;font-size:14px;border-radius:0px;text-align:left;max-width:300px;line-height:1.25\"><span class=\"su-tooltip-title\"><\/span><span class=\"su-tooltip-content su-u-trim\">A mez\u0151 kit\u00f6lt\u00e9se k\u00f6telez\u0151!<\/span><\/span><span id=\"su_tooltip_69f5ec7bb8d65_arrow\" class=\"su-tooltip-arrow\" style=\"z-index:100;background:#505050\" data-popper-arrow><\/span><\/span>\n    <span class=\"wpcf7-form-control-wrap tel-31\"><input type=\"tel\" name=\"tel-31\" value=\"\" size=\"40\" class=\"wpcf7-form-control wpcf7-text wpcf7-tel wpcf7-validates-as-required wpcf7-validates-as-tel\" aria-required=\"true\" aria-invalid=\"false\" \/><\/span><br \/>\n    <\/div><\/div>\n<\/div>\n<div class=\"su-row\">\n    <span id=\"su_tooltip_69f5ec7bb8e70_button\" class=\"su-tooltip-button su-tooltip-button-outline-yes\" aria-describedby=\"su_tooltip_69f5ec7bb8e70\" data-settings='{\"position\":\"top\",\"behavior\":\"hover\",\"hideDelay\":0}' tabindex=\"0\">\n            <label><br \/>\n                E-mail c\u00edm<br \/>\n                <span style=\"color:red;\">*<\/span><br \/>\n            <\/label><br \/>\n        <\/span><span style=\"display:none;z-index:100\" id=\"su_tooltip_69f5ec7bb8e70\" class=\"su-tooltip\" role=\"tooltip\"><span class=\"su-tooltip-inner su-tooltip-shadow-no\" style=\"z-index:100;background:#505050;color:#F3F3F3;font-size:14px;border-radius:0px;text-align:left;max-width:300px;line-height:1.25\"><span class=\"su-tooltip-title\"><\/span><span class=\"su-tooltip-content su-u-trim\">A mez\u0151 kit\u00f6lt\u00e9se k\u00f6telez\u0151!<\/span><\/span><span id=\"su_tooltip_69f5ec7bb8e70_arrow\" class=\"su-tooltip-arrow\" style=\"z-index:100;background:#505050\" data-popper-arrow><\/span><\/span>\n        <span class=\"wpcf7-form-control-wrap your-email\"><input type=\"email\" name=\"your-email\" value=\"\" size=\"40\" class=\"wpcf7-form-control wpcf7-text wpcf7-email wpcf7-validates-as-required wpcf7-validates-as-email\" aria-required=\"true\" aria-invalid=\"false\" \/><\/span><br \/>\n<\/div>\n<div class=\"su-row\">\n    <div class=\"su-column su-column-size-1-1\"><div class=\"su-column-inner su-u-clearfix su-u-trim\">\n        <label><br \/>\n            T\u00e1rgy<br \/>\n            <span class=\"wpcf7-form-control-wrap targy-167\"><br \/>\n                <input type=\"text\" list=\"services_datalist\" name=\"targy-167\" value=\"\" size=\"40\" class=\"wpcf7-form-control wpcf7-text\" aria-invalid=\"false\"><br \/>\n                <datalist id=\"services_datalist\"><br \/>\n                    <div class=\"su-posts su-posts-custom\">\r\n                <option value=\"Az \u00f6n\u00e1ll\u00f3 \u00e9letkezd\u00e9s megtervez\u00e9se\">\r\n                <option value=\"Diploma \u00e9s \u00e9letkezd\u00e9si program\">\r\n                <option value=\"Eg\u00e9szs\u00e9g hat\u00e1rok n\u00e9lk\u00fcl \/ Nemzetk\u00f6zi eg\u00e9szs\u00e9gbiztos\u00edt\u00e1s\">\r\n                <option value=\"Eg\u00e9szs\u00e9gbiztos\u00edt\u00e1s &#8211; V\u00e1r\u00f3list\u00e1k n\u00e9lk\u00fcl\">\r\n                <option value=\"Nyugd\u00edjbiztos\u00edt\u00e1s &#8211; Biztos j\u00f6v\u0151\">\r\n                <option value=\"Premium Corporate &#8211; A nyeres\u00e9ges \u00fczlet\">\r\n                <option value=\"V\u00e1llalati gondoskod\u00e1s\">\r\n      <\/div>\r\n\n                <\/datalist><br \/>\n            <\/span><br \/>\n        <\/label><br \/>\n    <\/div><\/div>\n<\/div>\n<div class=\"su-row\">\n    <div class=\"su-column su-column-size-1-1\"><div class=\"su-column-inner su-u-clearfix su-u-trim\"><label> \u00dczenet <span class=\"wpcf7-form-control-wrap your-message\"><textarea name=\"your-message\" cols=\"40\" rows=\"10\" class=\"wpcf7-form-control wpcf7-textarea\" aria-invalid=\"false\"><\/textarea><\/span> <\/label><\/div><\/div>\n<\/div>\n<div class=\"su-row\">\n    <div class=\"su-column su-column-size-1-1\"><div class=\"su-column-inner su-u-clearfix su-u-trim\"><input type=\"submit\" value=\"K\u00fcld\u00e9s\" class=\"wpcf7-form-control has-spinner wpcf7-submit\" \/><\/div><\/div>\n<\/div>\n<p style=\"display: none !important;\" class=\"akismet-fields-container\" data-prefix=\"_wpcf7_ak_\"><label>&#916;<textarea name=\"_wpcf7_ak_hp_textarea\" cols=\"45\" rows=\"8\" maxlength=\"100\"><\/textarea><\/label><input type=\"hidden\" id=\"ak_js_1\" name=\"_wpcf7_ak_js\" value=\"74\"\/><script>document.getElementById( \"ak_js_1\" ).setAttribute( \"value\", ( new Date() ).getTime() );<\/script><\/p><div class=\"wpcf7-response-output\" aria-hidden=\"true\"><\/div><\/form><\/div><\/div>\n            <\/div>\t\t<\/div>\n\t\t\t\t<\/div>\n\t\t\t\t\t\t<\/div>\n\t\t\t\t\t<\/div>\n\t\t<\/div>\n\t\t\t\t<div class=\"elementor-column elementor-col-25 elementor-top-column elementor-element elementor-element-400f0a2 elementor-hidden-tablet elementor-hidden-phone\" data-id=\"400f0a2\" data-element_type=\"column\" data-settings=\"{&quot;background_background&quot;:&quot;classic&quot;}\">\n\t\t\t<div class=\"elementor-column-wrap\">\n\t\t\t\t\t\t\t<div class=\"elementor-widget-wrap\">\n\t\t\t\t\t\t\t\t<\/div>\n\t\t\t\t\t<\/div>\n\t\t<\/div>\n\t\t\t\t\t\t\t\t<\/div>\n\t\t\t\t\t<\/div>\n\t\t<\/section>\n\t\t\t\t\t\t<\/div>\n\t\t\t\t\t\t<\/div>\n\t\t\t\t\t<\/div>\n\t\t","protected":false},"excerpt":{"rendered":"<p>Kapcsolat n\u00e9v: Krajcz\u00e1r J\u00f3zsef Telefonsz\u00e1m: +36 70 611 4323 E-mail c\u00edm: info@krajczar.info KAPCSOLATFELV\u00c9TEL<\/p>\n","protected":false},"author":1,"featured_media":0,"parent":0,"menu_order":0,"comment_status":"closed","ping_status":"closed","template":"page-templates\/fullwidth-content.php","meta":[],"_links":{"self":[{"href":"https:\/\/krajczar.info\/index.php?rest_route=\/wp\/v2\/pages\/716"}],"collection":[{"href":"https:\/\/krajczar.info\/index.php?rest_route=\/wp\/v2\/pages"}],"about":[{"href":"https:\/\/krajczar.info\/index.php?rest_route=\/wp\/v2\/types\/page"}],"author":[{"embeddable":true,"href":"https:\/\/krajczar.info\/index.php?rest_route=\/wp\/v2\/users\/1"}],"replies":[{"embeddable":true,"href":"https:\/\/krajczar.info\/index.php?rest_route=%2Fwp%2Fv2%2Fcomments&post=716"}],"version-history":[{"count":49,"href":"https:\/\/krajczar.info\/index.php?rest_route=\/wp\/v2\/pages\/716\/revisions"}],"predecessor-version":[{"id":1732,"href":"https:\/\/krajczar.info\/index.php?rest_route=\/wp\/v2\/pages\/716\/revisions\/1732"}],"wp:attachment":[{"href":"https:\/\/krajczar.info\/index.php?rest_route=%2Fwp%2Fv2%2Fmedia&parent=716"}],"curies":[{"name":"wp","href":"https:\/\/api.w.org\/{rel}","templated":true}]}}